{"id":188,"date":"2024-04-22T09:22:44","date_gmt":"2024-04-22T07:22:44","guid":{"rendered":"https:\/\/www.alesrlimola.it\/?page_id=188"},"modified":"2025-01-29T10:00:40","modified_gmt":"2025-01-29T09:00:40","slug":"saldatura","status":"publish","type":"page","link":"https:\/\/www.alesrlimola.it\/?page_id=188","title":{"rendered":"Saldatura"},"content":{"rendered":"<p>[et_pb_section fb_built=&#8221;1&#8243; inner_shadow=&#8221;on&#8221; admin_label=&#8221;Header&#8221; module_id=&#8221;nostrasaldatura&#8221; _builder_version=&#8221;4.24.2&#8243; background_enable_image=&#8221;off&#8221; min_height=&#8221;225px&#8221; animation_style=&#8221;fade&#8221; background_last_edited=&#8221;on|desktop&#8221; global_colors_info=&#8221;{}&#8221; background__hover_enabled=&#8221;on|desktop&#8221;][et_pb_row _builder_version=&#8221;4.16&#8243; global_colors_info=&#8221;{}&#8221;][et_pb_column type=&#8221;4_4&#8243; _builder_version=&#8221;4.16&#8243; global_colors_info=&#8221;{}&#8221;][et_pb_text _builder_version=&#8221;4.16&#8243; header_font=&#8221;Abril Fatface||||||||&#8221; header_font_size=&#8221;110px&#8221; header_line_height=&#8221;0.9em&#8221; header_2_font=&#8221;Abril Fatface||||||||&#8221; header_2_font_size=&#8221;56px&#8221; header_2_line_height=&#8221;1.1em&#8221; header_font_size_tablet=&#8221;54px&#8221; header_font_size_phone=&#8221;34px&#8221; header_font_size_last_edited=&#8221;on|phone&#8221; header_2_font_size_tablet=&#8221;36px&#8221; header_2_font_size_phone=&#8221;24px&#8221; header_2_font_size_last_edited=&#8221;on|phone&#8221; locked=&#8221;off&#8221; global_colors_info=&#8221;{}&#8221;]<\/p>\n<h1>La nostra saldatura<\/h1>\n<p>[\/et_pb_text][\/et_pb_column][\/et_pb_row][\/et_pb_section][et_pb_section fb_built=&#8221;1&#8243; make_equal=&#8221;on&#8221; specialty=&#8221;on&#8221; custom_padding_last_edited=&#8221;on|tablet&#8221; background_video_mp4_1=&#8221;https:\/\/www.alesrlimola.it\/wp-content\/uploads\/2024\/03\/IMG_5762-1-1.mov&#8221; admin_label=&#8221;Classes&#8221; _builder_version=&#8221;4.27.0&#8243; background_enable_color=&#8221;off&#8221; inner_width=&#8221;100%&#8221; inner_width_tablet=&#8221;80%&#8221; inner_width_phone=&#8221;&#8221; inner_width_last_edited=&#8221;on|desktop&#8221; inner_max_width=&#8221;none&#8221; inner_max_width_tablet=&#8221;1080px&#8221; inner_max_width_phone=&#8221;&#8221; inner_max_width_last_edited=&#8221;on|desktop&#8221; min_height=&#8221;392.6px&#8221; min_height_tablet=&#8221;392.6px&#8221; min_height_phone=&#8221;392.6px&#8221; min_height_last_edited=&#8221;on|phone&#8221; custom_margin=&#8221;||||false|false&#8221; custom_padding=&#8221;0px||0px|||&#8221; custom_padding_tablet=&#8221;50px||||false|false&#8221; custom_padding_phone=&#8221;&#8221; background_color_phone=&#8221;rgba(0,0,0,0)&#8221; background_last_edited=&#8221;on|phone&#8221; background_enable_color_phone=&#8221;on&#8221; locked=&#8221;off&#8221; global_colors_info=&#8221;{}&#8221;][et_pb_column type=&#8221;1_2&#8243; _builder_version=&#8221;4.16&#8243; custom_padding=&#8221;|||&#8221; global_colors_info=&#8221;{}&#8221; custom_padding__hover=&#8221;|||&#8221;][et_pb_gallery gallery_ids=&#8221;420,528,529,532&#8243; show_title_and_caption=&#8221;off&#8221; _builder_version=&#8221;4.27.0&#8243; _module_preset=&#8221;default&#8221; dbdb_version=&#8221;4.6.2&#8243; global_colors_info=&#8221;{}&#8221;][\/et_pb_gallery][\/et_pb_column][et_pb_column type=&#8221;1_2&#8243; specialty_columns=&#8221;2&#8243; _builder_version=&#8221;4.16&#8243; custom_padding=&#8221;|||&#8221; global_colors_info=&#8221;{}&#8221; custom_padding__hover=&#8221;|||&#8221;][et_pb_row_inner make_equal=&#8221;on&#8221; custom_padding_last_edited=&#8221;on|desktop&#8221; _builder_version=&#8221;4.24.2&#8243; background_color=&#8221;#ffffff&#8221; min_height=&#8221;642.6px&#8221; custom_margin=&#8221;||||false|false&#8221; custom_padding=&#8221;||||false|true&#8221; custom_padding_tablet=&#8221;&#8221; custom_padding_phone=&#8221;30px|20px|30px|20px|true|true&#8221; animation_style=&#8221;slide&#8221; global_colors_info=&#8221;{}&#8221;][et_pb_column_inner saved_specialty_column_type=&#8221;1_2&#8243; _builder_version=&#8221;4.24.2&#8243; global_colors_info=&#8221;{}&#8221;][et_pb_text _builder_version=&#8221;4.24.2&#8243; text_font=&#8221;||||||||&#8221; text_font_size=&#8221;16px&#8221; text_line_height=&#8221;2em&#8221; header_2_font=&#8221;Abril Fatface||||||||&#8221; header_2_font_size=&#8221;56px&#8221; header_2_line_height=&#8221;1.1em&#8221; max_width=&#8221;640px&#8221; text_font_size_tablet=&#8221;&#8221; text_font_size_phone=&#8221;14px&#8221; text_font_size_last_edited=&#8221;on|desktop&#8221; text_line_height_tablet=&#8221;&#8221; text_line_height_phone=&#8221;1.6em&#8221; text_line_height_last_edited=&#8221;on|desktop&#8221; header_2_font_size_tablet=&#8221;36px&#8221; header_2_font_size_phone=&#8221;24px&#8221; header_2_font_size_last_edited=&#8221;on|phone&#8221; locked=&#8221;off&#8221; global_colors_info=&#8221;{}&#8221;]<\/p>\n<h2>Il nostro punto di forza<\/h2>\n<p>La nostra reputazione si basa su prodotti che rispettano i pi\u00f9 rigorosi standard di qualit\u00e0 e precisione del settore.<\/p>\n<p>Siamo pi\u00f9 che specializzati nella saldatura a filo. I nostri saldatori sono personalmente scelti e continuamente aggiornati, oltre che formati dal nostro capofficina, Tagliavini Iader.\u00a0<\/p>\n<p>[\/et_pb_text][et_pb_video_slider _builder_version=&#8221;4.24.2&#8243; _module_preset=&#8221;default&#8221; filter_brightness=&#8221;86%&#8221; global_colors_info=&#8221;{}&#8221;][et_pb_video_slider_item src=&#8221;https:\/\/www.alesrlimola.it\/wp-content\/uploads\/2024\/03\/document_6015052610866779024.mp4&#8243; _builder_version=&#8221;4.24.2&#8243; _module_preset=&#8221;default&#8221; global_colors_info=&#8221;{}&#8221; show_image_overlay=&#8221;off&#8221;][\/et_pb_video_slider_item][\/et_pb_video_slider][\/et_pb_column_inner][\/et_pb_row_inner][\/et_pb_column][\/et_pb_section]<\/p>\n","protected":false},"excerpt":{"rendered":"<p>La nostra saldaturaIl nostro punto di forza La nostra reputazione si basa su prodotti che rispettano i pi\u00f9 rigorosi standard di qualit\u00e0 e precisione del settore. Siamo pi\u00f9 che specializzati nella saldatura a filo. I nostri saldatori sono personalmente scelti e continuamente aggiornati, oltre che formati dal nostro capofficina, Tagliavini Iader.\u00a0<\/p>\n","protected":false},"author":2,"featured_media":0,"parent":0,"menu_order":0,"comment_status":"closed","ping_status":"closed","template":"","meta":{"_et_pb_use_builder":"on","_et_pb_old_content":"","_et_gb_content_width":"","footnotes":""},"class_list":["post-188","page","type-page","status-publish","hentry"],"_links":{"self":[{"href":"https:\/\/www.alesrlimola.it\/index.php?rest_route=\/wp\/v2\/pages\/188","targetHints":{"allow":["GET"]}}],"collection":[{"href":"https:\/\/www.alesrlimola.it\/index.php?rest_route=\/wp\/v2\/pages"}],"about":[{"href":"https:\/\/www.alesrlimola.it\/index.php?rest_route=\/wp\/v2\/types\/page"}],"author":[{"embeddable":true,"href":"https:\/\/www.alesrlimola.it\/index.php?rest_route=\/wp\/v2\/users\/2"}],"replies":[{"embeddable":true,"href":"https:\/\/www.alesrlimola.it\/index.php?rest_route=%2Fwp%2Fv2%2Fcomments&post=188"}],"version-history":[{"count":28,"href":"https:\/\/www.alesrlimola.it\/index.php?rest_route=\/wp\/v2\/pages\/188\/revisions"}],"predecessor-version":[{"id":622,"href":"https:\/\/www.alesrlimola.it\/index.php?rest_route=\/wp\/v2\/pages\/188\/revisions\/622"}],"wp:attachment":[{"href":"https:\/\/www.alesrlimola.it\/index.php?rest_route=%2Fwp%2Fv2%2Fmedia&parent=188"}],"curies":[{"name":"wp","href":"https:\/\/api.w.org\/{rel}","templated":true}]}}